{"id":4082,"date":"2026-02-04T16:09:12","date_gmt":"2026-02-04T16:09:12","guid":{"rendered":"https:\/\/momed.hu\/?post_type=product&#038;p=4082"},"modified":"2026-02-04T21:50:02","modified_gmt":"2026-02-04T21:50:02","slug":"munch","status":"publish","type":"product","link":"https:\/\/momed.hu\/en\/product\/munch\/","title":{"rendered":"Munch - \"Always On\""},"content":{"rendered":"<p>Hogyan haszn\u00e1ld fel a Munch \"Always On\" kedvezm\u00e9nyed?<\/p>\n<p>- Kattints a \"Felhaszn\u00e1lom\" gombra.<br \/>- Tedd kos\u00e1rba a kiv\u00e1lasztott \u00e9telt, majd jelentkezz be a fi\u00f3kodba.<br \/>- A kos\u00e1rban a <strong>\u201eKupon hozz\u00e1ad\u00e1sa\u201d<\/strong> mez\u0151n\u00e9l add meg a k\u00f3dot.<\/p>\n<p><strong><img decoding=\"async\" role=\"img\" class=\"emoji\" src=\"https:\/\/s.w.org\/images\/core\/emoji\/17.0.2\/svg\/2757.svg\" alt=\"\u2757\" title=\"\"><\/strong>Fontos<strong><img decoding=\"async\" role=\"img\" class=\"emoji\" src=\"https:\/\/s.w.org\/images\/core\/emoji\/17.0.2\/svg\/2757.svg\" alt=\"\u2757\" title=\"\"><\/strong> A kedvezm\u00e9nyt hetente 1x tudod bev\u00e1ltani.<\/p>\n<p><\/p>","protected":false},"excerpt":{"rendered":"<p>A <strong>Munch<\/strong> seg\u00edts\u00e9g\u00e9vel te is tehetsz az \u00e9telpazarl\u00e1s ellen <img decoding=\"async\" role=\"img\" class=\"emoji\" src=\"https:\/\/s.w.org\/images\/core\/emoji\/17.0.2\/svg\/267b.svg\" alt=\"\u267b\ufe0f\"><img decoding=\"async\" role=\"img\" class=\"emoji\" src=\"https:\/\/s.w.org\/images\/core\/emoji\/17.0.2\/svg\/1f37d.svg\" alt=\"\ud83c\udf7d\ufe0f\">. Kedvezm\u00e9nyes \u00e1ron csaphatsz le a kedvenc p\u00e9ks\u00e9geid \u00e9s \u00e9ttermeid megmaradt, de m\u00e9g kifog\u00e1stalan min\u0151s\u00e9g\u0171 \u00e9teleire. P\u00e9k\u00e1ruk, szendvicsek, s\u00fctik \u00e9s meleg fog\u00e1sok ment\u00e9se egyetlen kattint\u00e1ssal \u2013 j\u00f3 a p\u00e9nzt\u00e1rc\u00e1dnak \u00e9s a bolyg\u00f3nak is <img decoding=\"async\" role=\"img\" class=\"emoji\" src=\"https:\/\/s.w.org\/images\/core\/emoji\/17.0.2\/svg\/1f30d.svg\" alt=\"\ud83c\udf0d\"><img decoding=\"async\" role=\"img\" class=\"emoji\" src=\"https:\/\/s.w.org\/images\/core\/emoji\/17.0.2\/svg\/1f49a.svg\" alt=\"\ud83d\udc9a\">.<\/p>","protected":false},"featured_media":4083,"template":"","meta":{"inline_featured_image":false},"product_brand":[],"product_cat":[79,78],"product_tag":[],"class_list":{"0":"post-4082","1":"product","2":"type-product","3":"status-publish","4":"has-post-thumbnail","6":"product_cat-etel-ital","7":"product_cat-kiemelt","9":"first","10":"instock","11":"taxable","12":"shipping-taxable","13":"product-type-simple"},"_links":{"self":[{"href":"https:\/\/momed.hu\/en\/wp-json\/wp\/v2\/product\/4082","targetHints":{"allow":["GET"]}}],"collection":[{"href":"https:\/\/momed.hu\/en\/wp-json\/wp\/v2\/product"}],"about":[{"href":"https:\/\/momed.hu\/en\/wp-json\/wp\/v2\/types\/product"}],"wp:featuredmedia":[{"embeddable":true,"href":"https:\/\/momed.hu\/en\/wp-json\/wp\/v2\/media\/4083"}],"wp:attachment":[{"href":"https:\/\/momed.hu\/en\/wp-json\/wp\/v2\/media?parent=4082"}],"wp:term":[{"taxonomy":"product_brand","embeddable":true,"href":"https:\/\/momed.hu\/en\/wp-json\/wp\/v2\/product_brand?post=4082"},{"taxonomy":"product_cat","embeddable":true,"href":"https:\/\/momed.hu\/en\/wp-json\/wp\/v2\/product_cat?post=4082"},{"taxonomy":"product_tag","embeddable":true,"href":"https:\/\/momed.hu\/en\/wp-json\/wp\/v2\/product_tag?post=4082"}],"curies":[{"name":"wp","href":"https:\/\/api.w.org\/{rel}","templated":true}]}}