{"id":4091,"date":"2026-02-04T20:51:04","date_gmt":"2026-02-04T20:51:04","guid":{"rendered":"https:\/\/momed.hu\/?post_type=product&#038;p=4091"},"modified":"2026-02-04T21:33:21","modified_gmt":"2026-02-04T21:33:21","slug":"munch-market","status":"publish","type":"product","link":"https:\/\/momed.hu\/en\/product\/munch-market\/","title":{"rendered":"Munch Market"},"content":{"rendered":"<p>Hogyan haszn\u00e1ld fel a Munch Market kedvezm\u00e9nyed?<\/p>\n<p>- Kattints a \"Felhaszn\u00e1lom\" gombra.<br \/>- Tedd kos\u00e1rba a kiv\u00e1lasztott \u00e9telt, majd jelentkezz be a Munch fi\u00f3kodba.<br \/>- A kos\u00e1rban a <strong>\u201eKupon hozz\u00e1ad\u00e1sa\u201d<\/strong> mez\u0151n\u00e9l add meg a k\u00f3dot.<\/p>\n<p><strong><img decoding=\"async\" role=\"img\" class=\"emoji\" src=\"https:\/\/s.w.org\/images\/core\/emoji\/17.0.2\/svg\/2757.svg\" alt=\"\u2757\" title=\"\"><\/strong>Fontos<strong><img decoding=\"async\" role=\"img\" class=\"emoji\" src=\"https:\/\/s.w.org\/images\/core\/emoji\/17.0.2\/svg\/2757.svg\" alt=\"\u2757\" title=\"\"><\/strong> A kedvezm\u00e9nyt az els\u0151 v\u00e1s\u00e1rl\u00e1sodkor tudod felhaszn\u00e1lni.<\/p>","protected":false},"excerpt":{"rendered":"<p>A <strong>Munch Market<\/strong> egy bar\u00e1ts\u00e1gos online piact\u00e9r, ahol kedvezm\u00e9nyesen szerezhetsz be m\u00e9g finom, min\u0151s\u00e9gi \u00e9teleket \u00e9s italokat <img decoding=\"async\" role=\"img\" class=\"emoji\" src=\"https:\/\/s.w.org\/images\/core\/emoji\/17.0.2\/svg\/1f36a.svg\" alt=\"\ud83c\udf6a\"><img decoding=\"async\" role=\"img\" class=\"emoji\" src=\"https:\/\/s.w.org\/images\/core\/emoji\/17.0.2\/svg\/1f355.svg\" alt=\"\ud83c\udf55\"><img decoding=\"async\" role=\"img\" class=\"emoji\" src=\"https:\/\/s.w.org\/images\/core\/emoji\/17.0.2\/svg\/1f964.svg\" alt=\"\ud83e\udd64\">. A piac c\u00e9lja, hogy olcs\u00f3bban juthass hozz\u00e1 a m\u00e9g j\u00f3 min\u0151s\u00e9g\u0171 k\u00e9szletekhez, mik\u00f6zben cs\u00f6kkented az \u00e9telpazarl\u00e1st <img decoding=\"async\" role=\"img\" class=\"emoji\" src=\"https:\/\/s.w.org\/images\/core\/emoji\/17.0.2\/svg\/1f30d.svg\" alt=\"\ud83c\udf0d\"><img decoding=\"async\" role=\"img\" class=\"emoji\" src=\"https:\/\/s.w.org\/images\/core\/emoji\/17.0.2\/svg\/1f49a.svg\" alt=\"\ud83d\udc9a\">.<\/p>","protected":false},"featured_media":4088,"template":"","meta":{"inline_featured_image":false},"product_brand":[],"product_cat":[80,79,71,29],"product_tag":[],"class_list":{"0":"post-4091","1":"product","2":"type-product","3":"status-publish","4":"has-post-thumbnail","6":"product_cat-bevasarlas","7":"product_cat-etel-ital","8":"product_cat-top-marka","9":"product_cat-ujpartnerek","11":"first","12":"instock","13":"taxable","14":"shipping-taxable","15":"product-type-simple"},"_links":{"self":[{"href":"https:\/\/momed.hu\/en\/wp-json\/wp\/v2\/product\/4091","targetHints":{"allow":["GET"]}}],"collection":[{"href":"https:\/\/momed.hu\/en\/wp-json\/wp\/v2\/product"}],"about":[{"href":"https:\/\/momed.hu\/en\/wp-json\/wp\/v2\/types\/product"}],"wp:featuredmedia":[{"embeddable":true,"href":"https:\/\/momed.hu\/en\/wp-json\/wp\/v2\/media\/4088"}],"wp:attachment":[{"href":"https:\/\/momed.hu\/en\/wp-json\/wp\/v2\/media?parent=4091"}],"wp:term":[{"taxonomy":"product_brand","embeddable":true,"href":"https:\/\/momed.hu\/en\/wp-json\/wp\/v2\/product_brand?post=4091"},{"taxonomy":"product_cat","embeddable":true,"href":"https:\/\/momed.hu\/en\/wp-json\/wp\/v2\/product_cat?post=4091"},{"taxonomy":"product_tag","embeddable":true,"href":"https:\/\/momed.hu\/en\/wp-json\/wp\/v2\/product_tag?post=4091"}],"curies":[{"name":"wp","href":"https:\/\/api.w.org\/{rel}","templated":true}]}}