{"id":4092,"date":"2026-02-04T20:56:54","date_gmt":"2026-02-04T20:56:54","guid":{"rendered":"https:\/\/momed.hu\/?post_type=product&#038;p=4092"},"modified":"2026-02-04T21:40:13","modified_gmt":"2026-02-04T21:40:13","slug":"munch-club","status":"publish","type":"product","link":"https:\/\/momed.hu\/en\/product\/munch-club\/","title":{"rendered":"Munch Club"},"content":{"rendered":"<p>Hogyan haszn\u00e1ld fel a Munch Club kedvezm\u00e9nyed?<\/p>\n<p>- Kattints a \"Felhaszn\u00e1lom\" gombra <br \/>- L\u00e9pj be a Munch appba<br \/>- Profil \u2192 Munch Club el\u0151fizet\u00e9sem<br \/>- Van kuponk\u00f3dom \u2192 add meg a kapott k\u00f3dot<br \/>- \u00c9s k\u00e9sz! <img decoding=\"async\" role=\"img\" class=\"emoji\" src=\"https:\/\/s.w.org\/images\/core\/emoji\/17.0.2\/svg\/1f3af.svg\" alt=\"\ud83c\udfaf\" title=\"\"> <strong>45 napig<\/strong> ingyen haszn\u00e1lhatod <img decoding=\"async\" role=\"img\" class=\"emoji\" src=\"https:\/\/s.w.org\/images\/core\/emoji\/17.0.2\/svg\/1f680.svg\" alt=\"\ud83d\ude80\" title=\"\"><img decoding=\"async\" role=\"img\" class=\"emoji\" src=\"https:\/\/s.w.org\/images\/core\/emoji\/17.0.2\/svg\/1f49a.svg\" alt=\"\ud83d\udc9a\" title=\"\"><\/p>","protected":false},"excerpt":{"rendered":"<p>A <strong>Munch Club<\/strong> exkluz\u00edv kedvezm\u00e9nyeket k\u00edn\u00e1l a Munch k\u00f6z\u00f6ss\u00e9g\u00e9nek <img decoding=\"async\" role=\"img\" class=\"emoji\" src=\"https:\/\/s.w.org\/images\/core\/emoji\/17.0.2\/svg\/1f39f.svg\" alt=\"\ud83c\udf9f\ufe0f\"> \u2014 extra olcs\u00f3 aj\u00e1nlatokkal kedveskednek a tagoknak minden h\u00e9ten! <img decoding=\"async\" role=\"img\" class=\"emoji\" src=\"https:\/\/s.w.org\/images\/core\/emoji\/17.0.2\/svg\/1f911.svg\" alt=\"\ud83e\udd11\"> V\u00e1logass a men\u0151 dealek k\u00f6z\u00fcl, sp\u00f3rolj \u00e9telen \u00e9s k\u00f6zben cs\u00f6kkentsd az \u00e9telpazarl\u00e1st is <img decoding=\"async\" role=\"img\" class=\"emoji\" src=\"https:\/\/s.w.org\/images\/core\/emoji\/17.0.2\/svg\/1f30d.svg\" alt=\"\ud83c\udf0d\"><img decoding=\"async\" role=\"img\" class=\"emoji\" src=\"https:\/\/s.w.org\/images\/core\/emoji\/17.0.2\/svg\/1f49a.svg\" alt=\"\ud83d\udc9a\"><\/p>","protected":false},"featured_media":4086,"template":"","meta":{"inline_featured_image":false},"product_brand":[],"product_cat":[79,71,29],"product_tag":[],"class_list":{"0":"post-4092","1":"product","2":"type-product","3":"status-publish","4":"has-post-thumbnail","6":"product_cat-etel-ital","7":"product_cat-top-marka","8":"product_cat-ujpartnerek","10":"first","11":"instock","12":"taxable","13":"shipping-taxable","14":"product-type-simple"},"_links":{"self":[{"href":"https:\/\/momed.hu\/en\/wp-json\/wp\/v2\/product\/4092","targetHints":{"allow":["GET"]}}],"collection":[{"href":"https:\/\/momed.hu\/en\/wp-json\/wp\/v2\/product"}],"about":[{"href":"https:\/\/momed.hu\/en\/wp-json\/wp\/v2\/types\/product"}],"wp:featuredmedia":[{"embeddable":true,"href":"https:\/\/momed.hu\/en\/wp-json\/wp\/v2\/media\/4086"}],"wp:attachment":[{"href":"https:\/\/momed.hu\/en\/wp-json\/wp\/v2\/media?parent=4092"}],"wp:term":[{"taxonomy":"product_brand","embeddable":true,"href":"https:\/\/momed.hu\/en\/wp-json\/wp\/v2\/product_brand?post=4092"},{"taxonomy":"product_cat","embeddable":true,"href":"https:\/\/momed.hu\/en\/wp-json\/wp\/v2\/product_cat?post=4092"},{"taxonomy":"product_tag","embeddable":true,"href":"https:\/\/momed.hu\/en\/wp-json\/wp\/v2\/product_tag?post=4092"}],"curies":[{"name":"wp","href":"https:\/\/api.w.org\/{rel}","templated":true}]}}