{"id":4093,"date":"2026-02-04T21:35:35","date_gmt":"2026-02-04T21:35:35","guid":{"rendered":"https:\/\/momed.hu\/?post_type=product&#038;p=4093"},"modified":"2026-02-04T21:38:31","modified_gmt":"2026-02-04T21:38:31","slug":"maxisport-pass","status":"publish","type":"product","link":"https:\/\/momed.hu\/en\/product\/maxisport-pass\/","title":{"rendered":"MaxiSport Pass"},"content":{"rendered":"<p>How to use it?<br \/>Aktiv\u00e1ld a kedvezm\u00e9nyed \u00e9s \u00edrd be a k\u00f3dod MaxiSport Pass szerz\u0151d\u00e9sk\u00f6t\u00e9sn\u00e9l.  <\/p>\n<p>- 5.000 Ft-os admin d\u00edj elenged\u00e9se <\/p>\n<p><strong>Step-by-step<\/strong><br \/>- L\u00e9pj fel a <a href=\"https:\/\/maxisportpass.hu\/\" target=\"_blank\" rel=\"noopener\">https:\/\/maxisportpass.hu\/<\/a>oldalra<br \/>- Regisztr\u00e1lj \u00e9s l\u00e9pj be az \u00fcgyf\u00e9lkapudba<br \/>- V\u00e1laszd a <strong>\"MaxiSport Pass \u2013 szerz\u0151d\u00e9sk\u00f6t\u00e9s<\/strong>\" gombot<br \/>- \u00cdrd be a Momed kedvezm\u00e9nyk\u00f3dod<br \/>- T\u00f6ltsd ki az adataidat, v\u00e1lassz csomagot \u00e9s fizet\u00e9si m\u00f3dot<br \/>- T\u00f6ltsd le az appot, \u00e9s indulhat is a mozg\u00e1s!<br \/><strong>Tov\u00e1bbi inf\u00f3:<\/strong><a href=\"https:\/\/maxisportpass.hu\/gyik\" target=\"_blank\" rel=\"noopener\"> https:\/\/maxisportpass.hu\/gyik<\/a><\/p>","protected":false},"excerpt":{"rendered":"<p>A MaxiSport Pass egy komplex sportb\u00e9rlet, mely kedvez\u0151 \u00e1ron biztos\u00edt Magyarorsz\u00e1g 80<br \/>telep\u00fcl\u00e9s\u00e9n, 550 elfogad\u00f3hely\u00e9n, 200 f\u00e9le sportol\u00e1si lehet\u0151s\u00e9get m\u00e1r 4.250 Ft-t\u00f3l.<br \/>Pr\u00f3b\u00e1lj ki olyan sport\u00e1gakat is, melyek eddig csak cs\u00e1b\u00edtottak, de nem vetted r\u00e1 magad,<br \/>hogy belev\u00e1gj. Legyen az a falm\u00e1sz\u00e1s, a squash, a j\u00f3ga, a gokart, a SUP, a wakeboard.<br \/>Ny\u00e1ron strandolj, t\u00e9len korizz a MaxiSport Pass-szal!<br \/>Az el\u0151fizet\u00e9ssel havi 4 bel\u00e9p\u00e9st biztos\u00edtasz magadnak, de ha lenn\u00e9nek akt\u00edvabb<br \/>h\u00f3napjaid, \u00fagy tov\u00e1bbi kreditekkel b\u0151v\u00edtheted a kereted.<br \/>Te d\u00f6nt\u00f6d el, hogy a felt\u00f6lt\u00e9st k\u00f6vet\u0151en h\u00e1ny alkalom \u00e1lljon rendelkez\u00e9sedre az adott<br \/>h\u00f3napra.<br \/>Az MaxiSport Pass kiz\u00e1r\u00f3lag \u00e9v v\u00e9g\u00e9ig (2026. december 31.) tart\u00f3 h\u0171s\u00e9gid\u0151 v\u00e1llal\u00e1sa<br \/>mellett \u00e9rhet\u0151 el!<br \/>Alak\u00edtsd a MaxiSport Passt saj\u00e1t ig\u00e9nyeid szerint, \u00e9s pr\u00f3b\u00e1lj ki min\u00e9l t\u00f6bb mozg\u00e1sform\u00e1t!<\/p>\n<p>If you want to learn more, click on the \"Website\" button.<\/p>","protected":false},"featured_media":4065,"template":"","meta":{"inline_featured_image":false},"product_brand":[],"product_cat":[86,29],"product_tag":[],"class_list":{"0":"post-4093","1":"product","2":"type-product","3":"status-publish","4":"has-post-thumbnail","6":"product_cat-sport","7":"product_cat-ujpartnerek","9":"first","10":"instock","11":"taxable","12":"shipping-taxable","13":"product-type-simple"},"_links":{"self":[{"href":"https:\/\/momed.hu\/en\/wp-json\/wp\/v2\/product\/4093","targetHints":{"allow":["GET"]}}],"collection":[{"href":"https:\/\/momed.hu\/en\/wp-json\/wp\/v2\/product"}],"about":[{"href":"https:\/\/momed.hu\/en\/wp-json\/wp\/v2\/types\/product"}],"wp:featuredmedia":[{"embeddable":true,"href":"https:\/\/momed.hu\/en\/wp-json\/wp\/v2\/media\/4065"}],"wp:attachment":[{"href":"https:\/\/momed.hu\/en\/wp-json\/wp\/v2\/media?parent=4093"}],"wp:term":[{"taxonomy":"product_brand","embeddable":true,"href":"https:\/\/momed.hu\/en\/wp-json\/wp\/v2\/product_brand?post=4093"},{"taxonomy":"product_cat","embeddable":true,"href":"https:\/\/momed.hu\/en\/wp-json\/wp\/v2\/product_cat?post=4093"},{"taxonomy":"product_tag","embeddable":true,"href":"https:\/\/momed.hu\/en\/wp-json\/wp\/v2\/product_tag?post=4093"}],"curies":[{"name":"wp","href":"https:\/\/api.w.org\/{rel}","templated":true}]}}