{"id":4425,"date":"2026-05-01T12:44:29","date_gmt":"2026-05-01T12:44:29","guid":{"rendered":"https:\/\/momed.hu\/?post_type=product&#038;p=4425"},"modified":"2026-05-01T12:49:32","modified_gmt":"2026-05-01T12:49:32","slug":"tezenis","status":"publish","type":"product","link":"https:\/\/momed.hu\/en\/product\/tezenis\/","title":{"rendered":"Tezenis"},"content":{"rendered":"<p>How to use it?<br \/>A 10%-os kedvezm\u00e9ny a teljes \u00e1r\u00fa term\u00e9kekre vonatkozik, nem \u00f6sszevonhat\u00f3 m\u00e1s prom\u00f3ci\u00f3kkal \u00e9s a le\u00e1razott term\u00e9kekkel. A kedvezm\u00e9nyk\u00f3dok havonta egyszer aktiv\u00e1lhat\u00f3ak \u00e9s a kedvezm\u00e9ny a v\u00e1s\u00e1rl\u00e1s v\u00e9g\u00f6sszeg\u00e9b\u0151l ker\u00fcl levon\u00e1sra.<br \/>Bev\u00e1lt\u00e1s menete:<br \/>- Aktiv\u00e1ld a kedvezm\u00e9nyed a \"Felhaszn\u00e1lom\" gombbal<br \/>- Mutasd fel a k\u00f3dod a kassz\u00e1n\u00e1l<br \/>- A kedvezm\u00e9nyed ezut\u00e1n \u00e9rv\u00e9nyes\u00fcl a teljes \u00e1ru term\u00e9kekre<\/p>","protected":false},"excerpt":{"rendered":"<p>A Tezenis kommunik\u00e1ci\u00f3j\u00e1t a fiatalos, lend\u00fcletes \u00e9s nemzetk\u00f6zi st\u00edlus hat\u00e1rozza meg, amely k\u00f6zvetlen\u00fcl sz\u00f3l a modern, trendtudatos k\u00f6z\u00f6ns\u00e9ghez. A kollekci\u00f3k n\u0151k, f\u00e9rfiak \u00e9s gyerekek sz\u00e1m\u00e1ra egyar\u00e1nt gazdag k\u00edn\u00e1lattal rendelkeznek, amelyben megtal\u00e1lhat\u00f3k: als\u00f3nem\u0171k, f\u00fcrd\u0151ruh\u00e1k, pizsam\u00e1k, zoknik, harisny\u00e1k, utcai \u00e9s szabadid\u0151s ruh\u00e1zat is.<br \/>If you want to learn more, click on the \"Website\" button.<\/p>","protected":false},"featured_media":4415,"template":"","meta":{"inline_featured_image":false},"product_brand":[],"product_cat":[82,92,71,29],"product_tag":[],"class_list":{"0":"post-4425","1":"product","2":"type-product","3":"status-publish","4":"has-post-thumbnail","6":"product_cat-divat","7":"product_cat-intim","8":"product_cat-top-marka","9":"product_cat-ujpartnerek","11":"first","12":"instock","13":"taxable","14":"shipping-taxable","15":"product-type-simple"},"_links":{"self":[{"href":"https:\/\/momed.hu\/en\/wp-json\/wp\/v2\/product\/4425","targetHints":{"allow":["GET"]}}],"collection":[{"href":"https:\/\/momed.hu\/en\/wp-json\/wp\/v2\/product"}],"about":[{"href":"https:\/\/momed.hu\/en\/wp-json\/wp\/v2\/types\/product"}],"wp:featuredmedia":[{"embeddable":true,"href":"https:\/\/momed.hu\/en\/wp-json\/wp\/v2\/media\/4415"}],"wp:attachment":[{"href":"https:\/\/momed.hu\/en\/wp-json\/wp\/v2\/media?parent=4425"}],"wp:term":[{"taxonomy":"product_brand","embeddable":true,"href":"https:\/\/momed.hu\/en\/wp-json\/wp\/v2\/product_brand?post=4425"},{"taxonomy":"product_cat","embeddable":true,"href":"https:\/\/momed.hu\/en\/wp-json\/wp\/v2\/product_cat?post=4425"},{"taxonomy":"product_tag","embeddable":true,"href":"https:\/\/momed.hu\/en\/wp-json\/wp\/v2\/product_tag?post=4425"}],"curies":[{"name":"wp","href":"https:\/\/api.w.org\/{rel}","templated":true}]}}