{"id":4427,"date":"2026-05-01T12:55:46","date_gmt":"2026-05-01T12:55:46","guid":{"rendered":"https:\/\/momed.hu\/?post_type=product&#038;p=4427"},"modified":"2026-05-01T13:00:09","modified_gmt":"2026-05-01T13:00:09","slug":"calzedonia","status":"publish","type":"product","link":"https:\/\/momed.hu\/en\/product\/calzedonia\/","title":{"rendered":"Calzedonia"},"content":{"rendered":"<p>How to use it?<br \/>A 10%-os kedvezm\u00e9ny a teljes \u00e1r\u00fa term\u00e9kekre vonatkozik, nem \u00f6sszevonhat\u00f3 m\u00e1s prom\u00f3ci\u00f3kkal \u00e9s a le\u00e1razott term\u00e9kekkel. A kedvezm\u00e9nyk\u00f3dok havonta egyszer aktiv\u00e1lhat\u00f3ak \u00e9s a kedvezm\u00e9ny a v\u00e1s\u00e1rl\u00e1s v\u00e9g\u00f6sszeg\u00e9b\u0151l ker\u00fcl levon\u00e1sra.<br \/>Bev\u00e1lt\u00e1s menete:<br \/>- Aktiv\u00e1ld a kedvezm\u00e9nyed a \"Felhaszn\u00e1lom\" gombbal<br \/>- Mutasd fel a k\u00f3dot a kassz\u00e1n\u00e1l<br \/>- A kedvezm\u00e9nyed ezut\u00e1n \u00e9rv\u00e9nyes\u00fcl a teljes \u00e1ru term\u00e9kekre<\/p>","protected":false},"excerpt":{"rendered":"<p>A m\u00e1rka 1986 \u00f3ta j\u00e1r \u00e9len az izgalmas, innovat\u00edv harisnya- \u00e9s strandruha trendek ter\u00e9n. A kollekci\u00f3k mindenkori tervez\u00e9s\u00e9t a min\u0151s\u00e9gi kivitelez\u00e9s, st\u00edlus \u00e9s a megfizethet\u0151 \u00e1rak \u00f6tv\u00f6z\u00e9se hat\u00e1rozza meg. A m\u00e1rka \u00e1ltal forgalmazott f\u0151 term\u00e9kcsoportok: harisnyanadr\u00e1gok, zoknik, nadr\u00e1gok, kismama viselet, f\u00fcrd\u0151ruh\u00e1k \u00e9s strandruh\u00e1k, amelyek k\u00f6z\u00fcl f\u00e9rfiak, n\u0151k \u00e9s gyerekek egyar\u00e1nt v\u00e1logathatnak.<br \/>If you want to learn more, click on the \"Website\" button.<\/p>","protected":false},"featured_media":4420,"template":"","meta":{"inline_featured_image":false},"product_brand":[],"product_cat":[82,92,71,29],"product_tag":[],"class_list":{"0":"post-4427","1":"product","2":"type-product","3":"status-publish","4":"has-post-thumbnail","6":"product_cat-divat","7":"product_cat-intim","8":"product_cat-top-marka","9":"product_cat-ujpartnerek","11":"first","12":"instock","13":"taxable","14":"shipping-taxable","15":"product-type-simple"},"_links":{"self":[{"href":"https:\/\/momed.hu\/en\/wp-json\/wp\/v2\/product\/4427","targetHints":{"allow":["GET"]}}],"collection":[{"href":"https:\/\/momed.hu\/en\/wp-json\/wp\/v2\/product"}],"about":[{"href":"https:\/\/momed.hu\/en\/wp-json\/wp\/v2\/types\/product"}],"wp:featuredmedia":[{"embeddable":true,"href":"https:\/\/momed.hu\/en\/wp-json\/wp\/v2\/media\/4420"}],"wp:attachment":[{"href":"https:\/\/momed.hu\/en\/wp-json\/wp\/v2\/media?parent=4427"}],"wp:term":[{"taxonomy":"product_brand","embeddable":true,"href":"https:\/\/momed.hu\/en\/wp-json\/wp\/v2\/product_brand?post=4427"},{"taxonomy":"product_cat","embeddable":true,"href":"https:\/\/momed.hu\/en\/wp-json\/wp\/v2\/product_cat?post=4427"},{"taxonomy":"product_tag","embeddable":true,"href":"https:\/\/momed.hu\/en\/wp-json\/wp\/v2\/product_tag?post=4427"}],"curies":[{"name":"wp","href":"https:\/\/api.w.org\/{rel}","templated":true}]}}