{"id":4574,"date":"2026-05-11T21:21:06","date_gmt":"2026-05-11T21:21:06","guid":{"rendered":"https:\/\/momed.hu\/?post_type=product&#038;p=4574"},"modified":"2026-05-11T21:26:34","modified_gmt":"2026-05-11T21:26:34","slug":"laba-business","status":"publish","type":"product","link":"https:\/\/momed.hu\/en\/product\/laba-business\/","title":{"rendered":"Laba - \"Business\""},"content":{"rendered":"<p>How to use it?<br \/>N\u00e9zd meg a v\u00e1llalati megold\u00e1sainkr\u00f3l sz\u00f3l\u00f3 weboldalunkat, \u00e9s v\u00e1laszd ki a c\u00e9ged ig\u00e9nyeihez legink\u00e1bb illeszked\u0151 k\u00e9pz\u00e9si lehet\u0151s\u00e9get. Regisztr\u00e1ci\u00f3 ut\u00e1n v\u00e1llalati k\u00e9pz\u00e9sekkel foglalkoz\u00f3 koll\u00e9g\u00e1nk telefonon felveszi veled a kapcsolatot, \u00e9s tov\u00e1bbi inform\u00e1ci\u00f3kkal, szem\u00e9lyre szabott tan\u00e1csokkal seg\u00edt. A momed kuponk\u00f3dra hivatkozva minden ny\u00edlt, online k\u00e9pz\u00e9s \u00e1r\u00e1b\u00f3l 40% kedvezm\u00e9nyre vagy jogosult. A kedvezm\u00e9ny m\u00e1s akci\u00f3val nem \u00f6sszevonhat\u00f3, nem \u00e1truh\u00e1zhat\u00f3 \u00e9s visszavon\u00e1sig \u00e9rv\u00e9nyes.<\/p>","protected":false},"excerpt":{"rendered":"<p>A Laba Group v\u00e1llalati k\u00e9pz\u00e9sei c\u00e9geknek seg\u00edtenek abban, hogy c\u00e9lzottan fejlessz\u00e9k munkav\u00e1llal\u00f3ik tud\u00e1s\u00e1t \u00fczleti, menedzsment, HR, marketing, p\u00e9nz\u00fcgyi, IT, data, AI \u00e9s kreat\u00edv ter\u00fcleteken. Az \u00e9l\u0151, online kurzusok gyakorlatorient\u00e1ltak, magyar nyelven zajlanak, akt\u00edv ipar\u00e1gi szakemberek vezet\u00e9s\u00e9vel. A v\u00e1llalatok k\u00e9sz k\u00e9pz\u00e9si csomagok k\u00f6z\u00fcl v\u00e1laszthatnak, de ak\u00e1r szem\u00e9lyre szabott megold\u00e1st is k\u00e9rhetnek saj\u00e1t c\u00e9ljaikhoz igaz\u00edtva.<br \/><strong>A Laba \u00fczleti, a SKVOT kreat\u00edv, \u00e9s a robot_dreams tech k\u00e9pz\u00e9sei egyar\u00e1nt el\u00e9rhet\u0151k a momed k\u00f6z\u00f6ss\u00e9g\u00e9nek<\/strong>, \u00edgy gyakorlatilag b\u00e1rmilyen szakter\u00fclet fejleszt\u00e9s\u00e9re lenne sz\u00fcks\u00e9g, megtal\u00e1ltad a megold\u00e1st!\u00a0<\/p>","protected":false},"featured_media":4412,"template":"","meta":{"inline_featured_image":false},"product_brand":[],"product_cat":[28],"product_tag":[],"class_list":{"0":"post-4574","1":"product","2":"type-product","3":"status-publish","4":"has-post-thumbnail","6":"product_cat-tanulas","8":"first","9":"instock","10":"taxable","11":"shipping-taxable","12":"product-type-simple"},"_links":{"self":[{"href":"https:\/\/momed.hu\/en\/wp-json\/wp\/v2\/product\/4574","targetHints":{"allow":["GET"]}}],"collection":[{"href":"https:\/\/momed.hu\/en\/wp-json\/wp\/v2\/product"}],"about":[{"href":"https:\/\/momed.hu\/en\/wp-json\/wp\/v2\/types\/product"}],"wp:featuredmedia":[{"embeddable":true,"href":"https:\/\/momed.hu\/en\/wp-json\/wp\/v2\/media\/4412"}],"wp:attachment":[{"href":"https:\/\/momed.hu\/en\/wp-json\/wp\/v2\/media?parent=4574"}],"wp:term":[{"taxonomy":"product_brand","embeddable":true,"href":"https:\/\/momed.hu\/en\/wp-json\/wp\/v2\/product_brand?post=4574"},{"taxonomy":"product_cat","embeddable":true,"href":"https:\/\/momed.hu\/en\/wp-json\/wp\/v2\/product_cat?post=4574"},{"taxonomy":"product_tag","embeddable":true,"href":"https:\/\/momed.hu\/en\/wp-json\/wp\/v2\/product_tag?post=4574"}],"curies":[{"name":"wp","href":"https:\/\/api.w.org\/{rel}","templated":true}]}}