{"id":4577,"date":"2026-05-11T21:49:30","date_gmt":"2026-05-11T21:49:30","guid":{"rendered":"https:\/\/momed.hu\/?post_type=product&#038;p=4577"},"modified":"2026-05-11T21:59:08","modified_gmt":"2026-05-11T21:59:08","slug":"bubbles","status":"publish","type":"product","link":"https:\/\/momed.hu\/en\/product\/bubbles\/","title":{"rendered":"Bubbles"},"content":{"rendered":"<p>How to use it?<br \/>Kattints a \"Felhaszn\u00e1lom\" gombra \u00e9s m\u00e1sold be a k\u00f3dod a Bubbles alkalmaz\u00e1s\u00e1ban a megfelel\u0151 helyre. A kedvezm\u00e9ny 1+1 mos\u00e1sra \u00e9s sz\u00e1r\u00edt\u00e1sra alkalmas, b\u00e1rmely t\u00edpus PET is, 11 \u00e9s 16 mos\u00f3 valamint 16 \u00e9s 25 kg sz\u00e1r\u00edt\u00f3kra. Jelenleg budapesti \u00e9s \u00e9rdi \u00fczletekre \u00e9rv\u00e9nyes.<\/p>","protected":false},"excerpt":{"rendered":"<p>A Bubbles Magyarorsz\u00e1g legnagyobb \u00f6nkiszolg\u00e1l\u00f3 mosodah\u00e1l\u00f3zata, ahol gyorsan \u00e9s k\u00e9nyelmesen int\u00e9zheted a mos\u00e1st \u00e9s sz\u00e1r\u00edt\u00e1st. Modern, nagy kapacit\u00e1s\u00fa g\u00e9peikkel ak\u00e1r egy \u00f3ra alatt v\u00e9gezhetsz, r\u00e1ad\u00e1sul a mos\u00f3szert is biztos\u00edtj\u00e1k. A legt\u00f6bb \u00fczlet non-stop nyitva tart, \u00edgy akkor ugorhatsz be, amikor neked a legk\u00e9nyelmesebb.<\/p>","protected":false},"featured_media":4575,"template":"","meta":{"inline_featured_image":false},"product_brand":[],"product_cat":[29],"product_tag":[],"class_list":{"0":"post-4577","1":"product","2":"type-product","3":"status-publish","4":"has-post-thumbnail","6":"product_cat-ujpartnerek","8":"first","9":"instock","10":"taxable","11":"shipping-taxable","12":"product-type-simple"},"_links":{"self":[{"href":"https:\/\/momed.hu\/en\/wp-json\/wp\/v2\/product\/4577","targetHints":{"allow":["GET"]}}],"collection":[{"href":"https:\/\/momed.hu\/en\/wp-json\/wp\/v2\/product"}],"about":[{"href":"https:\/\/momed.hu\/en\/wp-json\/wp\/v2\/types\/product"}],"wp:featuredmedia":[{"embeddable":true,"href":"https:\/\/momed.hu\/en\/wp-json\/wp\/v2\/media\/4575"}],"wp:attachment":[{"href":"https:\/\/momed.hu\/en\/wp-json\/wp\/v2\/media?parent=4577"}],"wp:term":[{"taxonomy":"product_brand","embeddable":true,"href":"https:\/\/momed.hu\/en\/wp-json\/wp\/v2\/product_brand?post=4577"},{"taxonomy":"product_cat","embeddable":true,"href":"https:\/\/momed.hu\/en\/wp-json\/wp\/v2\/product_cat?post=4577"},{"taxonomy":"product_tag","embeddable":true,"href":"https:\/\/momed.hu\/en\/wp-json\/wp\/v2\/product_tag?post=4577"}],"curies":[{"name":"wp","href":"https:\/\/api.w.org\/{rel}","templated":true}]}}